{"id":252,"date":"2024-11-26T16:52:05","date_gmt":"2024-11-26T16:52:05","guid":{"rendered":"https:\/\/lp-peruna.fi\/startsidan\/"},"modified":"2024-11-26T17:12:24","modified_gmt":"2024-11-26T17:12:24","slug":"startsidan","status":"publish","type":"page","link":"https:\/\/lp-peruna.fi\/sv\/","title":{"rendered":"Startsidan"},"content":{"rendered":"\t\t<div data-elementor-type=\"wp-post\" data-elementor-id=\"252\" class=\"elementor elementor-252 elementor-181\">\n\t\t\t\t<div class=\"elementor-element elementor-element-901470c e-con-full e-flex e-con e-parent\" data-id=\"901470c\" data-element_type=\"container\" data-e-type=\"container\" data-settings=\"{&quot;background_background&quot;:&quot;video&quot;,&quot;background_video_link&quot;:&quot;https:\\\/\\\/www.youtube.com\\\/watch?v=5gBFF6pdscM&quot;,&quot;background_play_on_mobile&quot;:&quot;yes&quot;}\">\n\t\t<div class=\"elementor-background-video-container\">\n\t\t\t\t\t\t\t<div class=\"elementor-background-video-embed\" role=\"presentation\"><\/div>\n\t\t\t\t\t\t<\/div>\t\t<div class=\"elementor-element elementor-element-22a4879 elementor-widget elementor-widget-image\" data-id=\"22a4879\" data-element_type=\"widget\" data-e-type=\"widget\" data-widget_type=\"image.default\">\n\t\t\t\t<div class=\"elementor-widget-container\">\n\t\t\t\t\t\t\t\t\t\t\t\t\t\t\t<img fetchpriority=\"high\" decoding=\"async\" width=\"220\" height=\"269\" src=\"https:\/\/lp-peruna.fi\/wp-content\/uploads\/2016\/07\/Lapv\u00e4\u00e4rinperuna_logo_2016_uusi_220px_2.png\" class=\"attachment-large size-large wp-image-120\" alt=\"\" srcset=\"https:\/\/lp-peruna.fi\/wp-content\/uploads\/2016\/07\/Lapv\u00e4\u00e4rinperuna_logo_2016_uusi_220px_2.png 220w, https:\/\/lp-peruna.fi\/wp-content\/uploads\/2016\/07\/Lapv\u00e4\u00e4rinperuna_logo_2016_uusi_220px_2-200x245.png 200w\" sizes=\"(max-width: 220px) 100vw, 220px\" \/>\t\t\t\t\t\t\t\t\t\t\t\t\t\t\t<\/div>\n\t\t\t\t<\/div>\n\t\t\t\t<div class=\"elementor-element elementor-element-c47a77b elementor-widget elementor-widget-heading\" data-id=\"c47a77b\" data-element_type=\"widget\" data-e-type=\"widget\" data-widget_type=\"heading.default\">\n\t\t\t\t<div class=\"elementor-widget-container\">\n\t\t\t\t\t<h2 class=\"elementor-heading-title elementor-size-default\">Vi \u00e4r flexibla och anpassar v\u00e5r verksamhet efter kundens behov.<\/h2>\t\t\t\t<\/div>\n\t\t\t\t<\/div>\n\t\t\t\t<\/div>\n\t\t<div class=\"elementor-element elementor-element-604df26 e-flex e-con-boxed e-con e-parent\" data-id=\"604df26\" data-element_type=\"container\" data-e-type=\"container\">\n\t\t\t\t\t<div class=\"e-con-inner\">\n\t\t\t\t<div class=\"elementor-element elementor-element-3f42369 elementor-absolute elementor-widget elementor-widget-menu-anchor\" data-id=\"3f42369\" data-element_type=\"widget\" data-e-type=\"widget\" data-settings=\"{&quot;_position&quot;:&quot;absolute&quot;}\" data-widget_type=\"menu-anchor.default\">\n\t\t\t\t<div class=\"elementor-widget-container\">\n\t\t\t\t\t\t\t<div class=\"elementor-menu-anchor\" id=\"om_foretaget\"><\/div>\n\t\t\t\t\t\t<\/div>\n\t\t\t\t<\/div>\n\t\t\t\t<div class=\"elementor-element elementor-element-6e6fc9f elementor-widget elementor-widget-heading\" data-id=\"6e6fc9f\" data-element_type=\"widget\" data-e-type=\"widget\" data-widget_type=\"heading.default\">\n\t\t\t\t<div class=\"elementor-widget-container\">\n\t\t\t\t\t<h2 class=\"elementor-heading-title elementor-size-default\">Om f\u00f6retaget<\/h2>\t\t\t\t<\/div>\n\t\t\t\t<\/div>\n\t\t\t\t<div class=\"elementor-element elementor-element-26bb11d elementor-widget elementor-widget-text-editor\" data-id=\"26bb11d\" data-element_type=\"widget\" data-e-type=\"widget\" data-widget_type=\"text-editor.default\">\n\t\t\t\t<div class=\"elementor-widget-container\">\n\t\t\t\t\t\t\t\t\t<p>Lappfj\u00e4rds Potatis Ab \u00e4gs av 43 aktie\u00e4gare. Vi \u00e4r ett modernt potatispackeri som \u00e4r specialiserat p\u00e5 att f\u00f6rpacka tv\u00e4ttad potatis i olika f\u00f6rpackningar. Potatisen odlas av v\u00e5ra \u00e4gare och kontraktsodlare p\u00e5 Syd-\u00d6sterbottens mojordar. Vi \u00e4r m\u00e5na om att v\u00e5r jord odlas h\u00e5llbart f\u00f6r att kommande generationer skall kunna f\u00f6rse oss med potatis av h\u00f6g kvalitet. Lappfj\u00e4rds Potatis Ab \u00e4r grundat 1967 och vi vill \u00e4ven i framtiden erbjuda konsumenten smaklig potatis.<\/p>\n\t\t\t\t\t\t\t\t<\/div>\n\t\t\t\t<\/div>\n\t\t\t\t\t<\/div>\n\t\t\t\t<\/div>\n\t\t<div class=\"elementor-element elementor-element-a93fa9d e-flex e-con-boxed e-con e-parent\" data-id=\"a93fa9d\" data-element_type=\"container\" data-e-type=\"container\">\n\t\t\t\t\t<div class=\"e-con-inner\">\n\t\t\t\t<div class=\"elementor-element elementor-element-cadfb50 elementor-absolute elementor-widget elementor-widget-menu-anchor\" data-id=\"cadfb50\" data-element_type=\"widget\" data-e-type=\"widget\" data-settings=\"{&quot;_position&quot;:&quot;absolute&quot;}\" data-widget_type=\"menu-anchor.default\">\n\t\t\t\t<div class=\"elementor-widget-container\">\n\t\t\t\t\t\t\t<div class=\"elementor-menu-anchor\" id=\"produkter\"><\/div>\n\t\t\t\t\t\t<\/div>\n\t\t\t\t<\/div>\n\t\t\t\t<div class=\"elementor-element elementor-element-5da7d27 elementor-widget__width-inherit elementor-widget elementor-widget-heading\" data-id=\"5da7d27\" data-element_type=\"widget\" data-e-type=\"widget\" data-widget_type=\"heading.default\">\n\t\t\t\t<div class=\"elementor-widget-container\">\n\t\t\t\t\t<h2 class=\"elementor-heading-title elementor-size-default\">Produkter<\/h2>\t\t\t\t<\/div>\n\t\t\t\t<\/div>\n\t\t\t\t<div class=\"elementor-element elementor-element-5738c30 elementor-widget__width-initial elementor-position-top elementor-widget elementor-widget-image-box\" data-id=\"5738c30\" data-element_type=\"widget\" data-e-type=\"widget\" data-widget_type=\"image-box.default\">\n\t\t\t\t<div class=\"elementor-widget-container\">\n\t\t\t\t\t<div class=\"elementor-image-box-wrapper\"><figure class=\"elementor-image-box-img\"><img decoding=\"async\" width=\"1000\" height=\"667\" src=\"https:\/\/lp-peruna.fi\/wp-content\/uploads\/2016\/07\/2_produkt_2kg_klar.jpg\" class=\"elementor-animation-grow attachment-full size-full wp-image-28\" alt=\"\" srcset=\"https:\/\/lp-peruna.fi\/wp-content\/uploads\/2016\/07\/2_produkt_2kg_klar.jpg 1000w, https:\/\/lp-peruna.fi\/wp-content\/uploads\/2016\/07\/2_produkt_2kg_klar-300x200.jpg 300w, https:\/\/lp-peruna.fi\/wp-content\/uploads\/2016\/07\/2_produkt_2kg_klar-768x512.jpg 768w, https:\/\/lp-peruna.fi\/wp-content\/uploads\/2016\/07\/2_produkt_2kg_klar-200x133.jpg 200w, https:\/\/lp-peruna.fi\/wp-content\/uploads\/2016\/07\/2_produkt_2kg_klar-400x267.jpg 400w, https:\/\/lp-peruna.fi\/wp-content\/uploads\/2016\/07\/2_produkt_2kg_klar-600x400.jpg 600w, https:\/\/lp-peruna.fi\/wp-content\/uploads\/2016\/07\/2_produkt_2kg_klar-800x534.jpg 800w\" sizes=\"(max-width: 1000px) 100vw, 1000px\" \/><\/figure><div class=\"elementor-image-box-content\"><h3 class=\"elementor-image-box-title\">2 kg p\u00e5se<\/h3><p class=\"elementor-image-box-description\">2 kg potatisp\u00e5se, finns i tre olika kokkvaliteter. Fast, universal och mj\u00f6lig. 8 p\u00e5sar \/ l\u00e5da.<\/p><\/div><\/div>\t\t\t\t<\/div>\n\t\t\t\t<\/div>\n\t\t\t\t<div class=\"elementor-element elementor-element-2cb7813 elementor-widget__width-initial elementor-position-top elementor-widget elementor-widget-image-box\" data-id=\"2cb7813\" data-element_type=\"widget\" data-e-type=\"widget\" data-widget_type=\"image-box.default\">\n\t\t\t\t<div class=\"elementor-widget-container\">\n\t\t\t\t\t<div class=\"elementor-image-box-wrapper\"><figure class=\"elementor-image-box-img\"><img decoding=\"async\" width=\"1000\" height=\"667\" src=\"https:\/\/lp-peruna.fi\/wp-content\/uploads\/2018\/04\/2_produkt_10kg_klar_3.jpg\" class=\"elementor-animation-grow attachment-full size-full wp-image-106\" alt=\"\" srcset=\"https:\/\/lp-peruna.fi\/wp-content\/uploads\/2018\/04\/2_produkt_10kg_klar_3.jpg 1000w, https:\/\/lp-peruna.fi\/wp-content\/uploads\/2018\/04\/2_produkt_10kg_klar_3-300x200.jpg 300w, https:\/\/lp-peruna.fi\/wp-content\/uploads\/2018\/04\/2_produkt_10kg_klar_3-768x512.jpg 768w, https:\/\/lp-peruna.fi\/wp-content\/uploads\/2018\/04\/2_produkt_10kg_klar_3-200x133.jpg 200w, https:\/\/lp-peruna.fi\/wp-content\/uploads\/2018\/04\/2_produkt_10kg_klar_3-400x267.jpg 400w, https:\/\/lp-peruna.fi\/wp-content\/uploads\/2018\/04\/2_produkt_10kg_klar_3-600x400.jpg 600w, https:\/\/lp-peruna.fi\/wp-content\/uploads\/2018\/04\/2_produkt_10kg_klar_3-800x534.jpg 800w\" sizes=\"(max-width: 1000px) 100vw, 1000px\" \/><\/figure><div class=\"elementor-image-box-content\"><h3 class=\"elementor-image-box-title\">10 kg l\u00e5da<\/h3><p class=\"elementor-image-box-description\">10 kg l\u00e5da f\u00f6r tv\u00e4ttad potatis.<\/p><\/div><\/div>\t\t\t\t<\/div>\n\t\t\t\t<\/div>\n\t\t\t\t<div class=\"elementor-element elementor-element-4760948 elementor-widget__width-initial elementor-position-top elementor-widget elementor-widget-image-box\" data-id=\"4760948\" data-element_type=\"widget\" data-e-type=\"widget\" data-widget_type=\"image-box.default\">\n\t\t\t\t<div class=\"elementor-widget-container\">\n\t\t\t\t\t<div class=\"elementor-image-box-wrapper\"><figure class=\"elementor-image-box-img\"><img decoding=\"async\" width=\"1000\" height=\"667\" src=\"https:\/\/lp-peruna.fi\/wp-content\/uploads\/2016\/07\/2_produkt_2kg_klar.jpg\" class=\"elementor-animation-grow attachment-full size-full wp-image-28\" alt=\"\" srcset=\"https:\/\/lp-peruna.fi\/wp-content\/uploads\/2016\/07\/2_produkt_2kg_klar.jpg 1000w, https:\/\/lp-peruna.fi\/wp-content\/uploads\/2016\/07\/2_produkt_2kg_klar-300x200.jpg 300w, https:\/\/lp-peruna.fi\/wp-content\/uploads\/2016\/07\/2_produkt_2kg_klar-768x512.jpg 768w, https:\/\/lp-peruna.fi\/wp-content\/uploads\/2016\/07\/2_produkt_2kg_klar-200x133.jpg 200w, https:\/\/lp-peruna.fi\/wp-content\/uploads\/2016\/07\/2_produkt_2kg_klar-400x267.jpg 400w, https:\/\/lp-peruna.fi\/wp-content\/uploads\/2016\/07\/2_produkt_2kg_klar-600x400.jpg 600w, https:\/\/lp-peruna.fi\/wp-content\/uploads\/2016\/07\/2_produkt_2kg_klar-800x534.jpg 800w\" sizes=\"(max-width: 1000px) 100vw, 1000px\" \/><\/figure><div class=\"elementor-image-box-content\"><h3 class=\"elementor-image-box-title\">15 kg l\u00e5da<\/h3><p class=\"elementor-image-box-description\">15 kg l\u00e5da f\u00f6r ugnspotatis och Rosamunda.<\/p><\/div><\/div>\t\t\t\t<\/div>\n\t\t\t\t<\/div>\n\t\t\t\t\t<\/div>\n\t\t\t\t<\/div>\n\t\t<div class=\"elementor-element elementor-element-a14b98b e-flex e-con-boxed e-con e-parent\" data-id=\"a14b98b\" data-element_type=\"container\" data-e-type=\"container\">\n\t\t\t\t\t<div class=\"e-con-inner\">\n\t\t\t\t<div class=\"elementor-element elementor-element-7d96089 elementor-absolute elementor-widget elementor-widget-menu-anchor\" data-id=\"7d96089\" data-element_type=\"widget\" data-e-type=\"widget\" data-settings=\"{&quot;_position&quot;:&quot;absolute&quot;}\" data-widget_type=\"menu-anchor.default\">\n\t\t\t\t<div class=\"elementor-widget-container\">\n\t\t\t\t\t\t\t<div class=\"elementor-menu-anchor\" id=\"kontaktuppgifter\"><\/div>\n\t\t\t\t\t\t<\/div>\n\t\t\t\t<\/div>\n\t\t\t\t<div class=\"elementor-element elementor-element-4668eeb elementor-widget__width-initial elementor-widget elementor-widget-heading\" data-id=\"4668eeb\" data-element_type=\"widget\" data-e-type=\"widget\" data-widget_type=\"heading.default\">\n\t\t\t\t<div class=\"elementor-widget-container\">\n\t\t\t\t\t<h2 class=\"elementor-heading-title elementor-size-default\">Kontaktuppgifter<\/h2>\t\t\t\t<\/div>\n\t\t\t\t<\/div>\n\t\t\t\t<div class=\"elementor-element elementor-element-f3330de elementor-widget__width-initial elementor-widget elementor-widget-text-editor\" data-id=\"f3330de\" data-element_type=\"widget\" data-e-type=\"widget\" data-widget_type=\"text-editor.default\">\n\t\t\t\t<div class=\"elementor-widget-container\">\n\t\t\t\t\t\t\t\t\t<p><b>Bes\u00f6ksadress:<\/b><br \/>\nSunnantillv\u00e4gen 26<\/p>\n<p><b>Telefon:<\/b><br \/>\n+358 (0) 400 340 701<\/p>\n<p><b>Fax:<\/b><br \/>\n+358 (0) 420 340 170<\/p>\n<p><b>E-post:<\/b><br \/>\ninfo@lp-peruna.fi<\/p>\n<p><b>FO_nummer:<\/b><br \/>\n0179821-0<\/p>\n\t\t\t\t\t\t\t\t<\/div>\n\t\t\t\t<\/div>\n\t\t\t\t<div class=\"elementor-element elementor-element-038c48a elementor-widget__width-initial elementor-widget elementor-widget-shortcode\" data-id=\"038c48a\" data-element_type=\"widget\" data-e-type=\"widget\" data-widget_type=\"shortcode.default\">\n\t\t\t\t<div class=\"elementor-widget-container\">\n\t\t\t\t\t\t\t<div class=\"elementor-shortcode\"><p class=\"wpcf7-contact-form-not-found\"><strong>Fel:<\/strong> Kontaktformul\u00e4r hittades inte.<\/p><\/div>\n\t\t\t\t\t\t<\/div>\n\t\t\t\t<\/div>\n\t\t\t\t\t<\/div>\n\t\t\t\t<\/div>\n\t\t\t\t<\/div>\n\t\t","protected":false},"excerpt":{"rendered":"<p>Vi \u00e4r flexibla och anpassar v\u00e5r verksamhet efter kundens behov. Om f\u00f6retaget Lappfj\u00e4rds Potatis Ab \u00e4gs av 43 aktie\u00e4gare. Vi \u00e4r ett modernt potatispackeri som \u00e4r specialiserat p\u00e5 att f\u00f6rpacka tv\u00e4ttad potatis i olika f\u00f6rpackningar. Potatisen odlas av v\u00e5ra \u00e4gare och kontraktsodlare p\u00e5 Syd-\u00d6sterbottens mojordar. Vi \u00e4r m\u00e5na om att v\u00e5r jord odlas h\u00e5llbart f\u00f6r [&hellip;]<\/p>\n","protected":false},"author":1,"featured_media":0,"parent":0,"menu_order":0,"comment_status":"closed","ping_status":"closed","template":"elementor_header_footer","meta":{"footnotes":""},"class_list":["post-252","page","type-page","status-publish","hentry"],"_links":{"self":[{"href":"https:\/\/lp-peruna.fi\/sv\/wp-json\/wp\/v2\/pages\/252","targetHints":{"allow":["GET"]}}],"collection":[{"href":"https:\/\/lp-peruna.fi\/sv\/wp-json\/wp\/v2\/pages"}],"about":[{"href":"https:\/\/lp-peruna.fi\/sv\/wp-json\/wp\/v2\/types\/page"}],"author":[{"embeddable":true,"href":"https:\/\/lp-peruna.fi\/sv\/wp-json\/wp\/v2\/users\/1"}],"replies":[{"embeddable":true,"href":"https:\/\/lp-peruna.fi\/sv\/wp-json\/wp\/v2\/comments?post=252"}],"version-history":[{"count":9,"href":"https:\/\/lp-peruna.fi\/sv\/wp-json\/wp\/v2\/pages\/252\/revisions"}],"predecessor-version":[{"id":269,"href":"https:\/\/lp-peruna.fi\/sv\/wp-json\/wp\/v2\/pages\/252\/revisions\/269"}],"wp:attachment":[{"href":"https:\/\/lp-peruna.fi\/sv\/wp-json\/wp\/v2\/media?parent=252"}],"curies":[{"name":"wp","href":"https:\/\/api.w.org\/{rel}","templated":true}]}}